{"id":327724,"date":"2025-07-17T12:21:30","date_gmt":"2025-07-17T12:21:30","guid":{"rendered":"https:\/\/www.felemamg.com\/politique-en-matiere-de-cookies\/"},"modified":"2025-11-20T14:56:24","modified_gmt":"2025-11-20T14:56:24","slug":"politique-en-matiere-de-cookies","status":"publish","type":"page","link":"https:\/\/www.felemamg.com\/fr\/politique-en-matiere-de-cookies\/","title":{"rendered":"Politique en mati\u00e8re de cookies"},"content":{"rendered":"<p>[et_pb_section fb_built=\u00a0\u00bb1&Prime; _builder_version=\u00a0\u00bb4.27.4&Prime; _module_preset=\u00a0\u00bbdefault\u00a0\u00bb global_colors_info=\u00a0\u00bb{}\u00a0\u00bb][et_pb_row _builder_version=\u00a0\u00bb4.27.4&Prime; _module_preset=\u00a0\u00bbdefault\u00a0\u00bb width=\u00a0\u00bb90%\u00a0\u00bb max_width=\u00a0\u00bb1400px\u00a0\u00bb global_colors_info=\u00a0\u00bb{}\u00a0\u00bb][et_pb_column type=\u00a0\u00bb4_4&Prime; _builder_version=\u00a0\u00bb4.27.4&Prime; _module_preset=\u00a0\u00bbdefault\u00a0\u00bb global_colors_info=\u00a0\u00bb{}\u00a0\u00bb][et_pb_text disabled_on=\u00a0\u00bboff|off|off\u00a0\u00bb _builder_version=\u00a0\u00bb4.27.4&Prime; _module_preset=\u00a0\u00bbdefault\u00a0\u00bb text_text_color=\u00a0\u00bbgcid-298a8f1d-349d-4d1c-853b-980cfd104d31&Prime; text_font_size=\u00a0\u00bb18px\u00a0\u00bb text_line_height=\u00a0\u00bb1.6em\u00a0\u00bb link_text_color=\u00a0\u00bbgcid-33ac0f65-adbf-4fee-a575-b00cb7060036&Prime; header_font=\u00a0\u00bbSaira Condensed|600||on|||||\u00a0\u00bb header_font_size=\u00a0\u00bb55px\u00a0\u00bb custom_margin=\u00a0\u00bb0px||1em||false|false\u00a0\u00bb custom_padding=\u00a0\u00bb0px||0px||false|false\u00a0\u00bb hover_enabled=\u00a0\u00bb0&Prime; text_font_size_tablet=\u00a0\u00bb18px\u00a0\u00bb text_font_size_phone=\u00a0\u00bb17px\u00a0\u00bb text_font_size_last_edited=\u00a0\u00bbon|phone\u00a0\u00bb global_colors_info=\u00a0\u00bb{%22gcid-ffbbd953-c066-4460-a89e-923f8e0c919b%22:%91%22header_4_text_color%22,%22text_text_color%22,%22header_4_text_color%22,%22header_4_text_color%22,%22header_4_text_color%22,%22header_4_text_color%22,%22header_4_text_color%22,%22header_4_text_color%22,%22header_4_text_color%22,%22header_4_text_color%22%93,%22gcid-298a8f1d-349d-4d1c-853b-980cfd104d31%22:%91%22text_text_color%22,%22text_text_color%22%93,%22gcid-37bd6ebc-576d-428f-85f7-778862cedf59%22:%91%22text_text_color%22,%22text_text_color%22%93,%22gcid-33ac0f65-adbf-4fee-a575-b00cb7060036%22:%91%22link_text_color%22%93}\u00a0\u00bb sticky_enabled=\u00a0\u00bb0&Prime;]<\/p>\n<h1>Politique en mati\u00e8re de cookies<\/h1>\n<p><strong>INFORMATIONS SUR LES COOKIES<\/strong><\/p>\n<p>Conform\u00e9ment \u00e0 la loi 34\/2002 du 11 juillet relative aux services de la soci\u00e9t\u00e9 de l&rsquo;information et au commerce \u00e9lectronique (LSSI), en relation avec le r\u00e8glement (UE) 2016\/679 du Parlement europ\u00e9en et du Conseil du 27 avril 2016 g\u00e9n\u00e9ral sur la protection des donn\u00e9es (RGPD) et \u00e0 la loi organique 3\/2018 du 5 d\u00e9cembre relative \u00e0 la protection des donn\u00e9es et \u00e0 la garantie des droits num\u00e9riques (LOPDGDD), il est obligatoire d&rsquo;obtenir le consentement explicite de l&rsquo;utilisateur de tous les sites web qui utilisent des cookies non indispensables avant que celui-ci ne les consulte.<\/p>\n<p><strong>QU&rsquo;EST-CE QUE LES COOKIES ?<\/strong><\/p>\n<p>Les cookies et autres technologies similaires telles que les objets locaux partag\u00e9s, les cookies flash ou les pixels sont des outils utilis\u00e9s par les serveurs Web pour stocker et r\u00e9cup\u00e9rer des informations sur leurs visiteurs, ainsi que pour assurer le bon fonctionnement du site.<\/p>\n<p>L&rsquo;utilisation de ces dispositifs permet au serveur Web de m\u00e9moriser certaines donn\u00e9es concernant l&rsquo;utilisateur, telles que ses pr\u00e9f\u00e9rences pour l&rsquo;affichage des pages de ce serveur, son nom et son mot de passe, les produits qui l&rsquo;int\u00e9ressent le plus, etc.<\/p>\n<p><strong>COOKIES CONCERN\u00c9S PAR LA R\u00c9GLEMENTATION ET COOKIES EXCEPT\u00c9S<\/strong><\/p>\n<p>Selon la directive europ\u00e9enne, les cookies qui n\u00e9cessitent le consentement \u00e9clair\u00e9 de l&rsquo;utilisateur sont les cookies analytiques, publicitaires et d&rsquo;affiliation, \u00e0 l&rsquo;exception des cookies techniques et ceux n\u00e9cessaires au fonctionnement du site web ou \u00e0 la fourniture de services express\u00e9ment demand\u00e9s par l&rsquo;utilisateur.<\/p>\n<p><strong>TYPES DE COOKIES<\/strong><\/p>\n<p><strong>SELON LA FINALIT\u00c9<\/strong><\/p>\n<ul>\n<li><span style=\"text-decoration: underline;\">Cookies techniques et fonctionnels<\/span> : ce sont ceux qui permettent \u00e0 l&rsquo;utilisateur de naviguer sur un site web, une plateforme ou une application et d&rsquo;utiliser les diff\u00e9rentes options ou services qui y sont propos\u00e9s.<\/li>\n<li><span style=\"text-decoration: underline;\">Cookies analytiques <\/span>: ce sont ceux qui permettent \u00e0 leur responsable de suivre et d&rsquo;analyser le comportement des utilisateurs des sites web auxquels ils sont li\u00e9s. Les informations collect\u00e9es par ce type de cookies sont utilis\u00e9es pour mesurer l&rsquo;activit\u00e9 des sites web, des applications ou des plateformes et pour \u00e9tablir des profils de navigation des utilisateurs de ces sites, applications et plateformes, afin d&rsquo;apporter des am\u00e9liorations en fonction de l&rsquo;analyse des donn\u00e9es d&rsquo;utilisation des utilisateurs du service. <\/li>\n<li><span style=\"text-decoration: underline;\">Cookies publicitaires<\/span> : ce sont ceux qui permettent la gestion, de la mani\u00e8re la plus efficace possible, des espaces publicitaires que, le cas \u00e9ch\u00e9ant, l&rsquo;\u00e9diteur a inclus dans une page web, une application ou une plateforme \u00e0 partir de laquelle il fournit le service demand\u00e9, sur la base de crit\u00e8res tels que le contenu \u00e9dit\u00e9 ou la fr\u00e9quence \u00e0 laquelle les publicit\u00e9s sont affich\u00e9es.<\/li>\n<li><span style=\"text-decoration: underline;\">Cookies publicitaires comportementaux<\/span> : ils collectent des informations sur les pr\u00e9f\u00e9rences et les choix personnels de l&rsquo;utilisateur (reciblage) afin de permettre la gestion, de la mani\u00e8re la plus efficace possible, des espaces publicitaires que l&rsquo;\u00e9diteur a \u00e9ventuellement inclus dans une page web, une application ou une plateforme \u00e0 partir de laquelle il fournit le service demand\u00e9.<\/li>\n<li><span style=\"text-decoration: underline;\">Cookies sociaux <\/span>: ils sont mis en place par les plateformes de r\u00e9seaux sociaux dans les services afin de vous permettre de partager du contenu avec vos amis et vos r\u00e9seaux. Les plateformes de r\u00e9seaux sociaux ont la capacit\u00e9 de suivre votre activit\u00e9 en ligne en dehors des Services. Cela peut avoir une incidence sur le contenu et les messages que vous voyez sur d&rsquo;autres services que vous visitez.  <\/li>\n<li><span style=\"text-decoration: underline;\">Cookies d&rsquo;affiliation<\/span> : ils permettent de suivre les visites provenant d&rsquo;autres sites web avec lesquels le site web a conclu un contrat d&rsquo;affiliation (soci\u00e9t\u00e9s d&rsquo;affiliation).<\/li>\n<li><span style=\"text-decoration: underline;\">Cookies de s\u00e9curit\u00e9<\/span> : ils stockent des informations crypt\u00e9es afin d&rsquo;\u00e9viter que les donn\u00e9es qui y sont enregistr\u00e9es ne soient vuln\u00e9rables aux attaques malveillantes de tiers.<\/li>\n<\/ul>\n<p>[\/et_pb_text][et_pb_text disabled_on=\u00a0\u00bboff|off|off\u00a0\u00bb _builder_version=\u00a0\u00bb4.27.4&Prime; _module_preset=\u00a0\u00bbdefault\u00a0\u00bb text_text_color=\u00a0\u00bbgcid-298a8f1d-349d-4d1c-853b-980cfd104d31&Prime; text_font_size=\u00a0\u00bb18px\u00a0\u00bb text_line_height=\u00a0\u00bb1.6em\u00a0\u00bb link_text_color=\u00a0\u00bbgcid-33ac0f65-adbf-4fee-a575-b00cb7060036&Prime; header_font=\u00a0\u00bbSaira Condensed|600||on|||||\u00a0\u00bb header_font_size=\u00a0\u00bb55px\u00a0\u00bb custom_margin=\u00a0\u00bb0px||1em||false|false\u00a0\u00bb custom_padding=\u00a0\u00bb0px||0px||false|false\u00a0\u00bb hover_enabled=\u00a0\u00bb0&Prime; text_font_size_tablet=\u00a0\u00bb18px\u00a0\u00bb text_font_size_phone=\u00a0\u00bb17px\u00a0\u00bb text_font_size_last_edited=\u00a0\u00bbon|phone\u00a0\u00bb global_colors_info=\u00a0\u00bb{%22gcid-ffbbd953-c066-4460-a89e-923f8e0c919b%22:%91%22header_4_text_color%22,%22text_text_color%22,%22header_4_text_color%22,%22header_4_text_color%22,%22header_4_text_color%22,%22header_4_text_color%22,%22header_4_text_color%22,%22header_4_text_color%22,%22header_4_text_color%22,%22header_4_text_color%22%93,%22gcid-298a8f1d-349d-4d1c-853b-980cfd104d31%22:%91%22text_text_color%22,%22text_text_color%22%93,%22gcid-37bd6ebc-576d-428f-85f7-778862cedf59%22:%91%22text_text_color%22,%22text_text_color%22%93,%22gcid-33ac0f65-adbf-4fee-a575-b00cb7060036%22:%91%22link_text_color%22%93}\u00a0\u00bb sticky_enabled=\u00a0\u00bb0&Prime;]<\/p>\n<p><strong>SELON LA PROPRI\u00c9T\u00c9<\/strong><\/p>\n<ul>\n<li><span style=\"text-decoration: underline;\">Cookies propres<\/span> : ce sont ceux qui sont envoy\u00e9s \u00e0 l&rsquo;\u00e9quipement terminal de l&rsquo;utilisateur \u00e0 partir d&rsquo;un \u00e9quipement ou d&rsquo;un domaine g\u00e9r\u00e9 par l&rsquo;\u00e9diteur lui-m\u00eame et \u00e0 partir duquel le service demand\u00e9 par l&rsquo;utilisateur est fourni.<\/li>\n<li><span style=\"text-decoration: underline;\">Cookies tiers<\/span> : ce sont ceux qui sont envoy\u00e9s \u00e0 l&rsquo;\u00e9quipement terminal de l&rsquo;utilisateur \u00e0 partir d&rsquo;un \u00e9quipement ou d&rsquo;un domaine qui n&rsquo;est pas g\u00e9r\u00e9 par l&rsquo;\u00e9diteur, mais par une autre entit\u00e9 qui traite les donn\u00e9es obtenues par le biais des cookies.<\/li>\n<\/ul>\n<p><strong>SELON LA DUR\u00c9E DE CONSERVATION<\/strong><\/p>\n<ul>\n<li><span style=\"text-decoration: underline;\">Cookies de session<\/span> : il s&rsquo;agit d&rsquo;un type de cookies con\u00e7us pour collecter et stocker des donn\u00e9es pendant que l&rsquo;utilisateur acc\u00e8de \u00e0 un site web.<\/li>\n<li><span style=\"text-decoration: underline;\">Cookies persistants<\/span> : il s&rsquo;agit d&rsquo;un type de cookies dans lesquels les donn\u00e9es restent stock\u00e9es dans le terminal et peuvent \u00eatre consult\u00e9es et trait\u00e9es pendant une p\u00e9riode d\u00e9finie par le responsable du cookie, qui peut aller de quelques minutes \u00e0 plusieurs ann\u00e9es.<\/li>\n<\/ul>\n<p><strong>TRAITEMENT DES DONN\u00c9ES \u00c0 CARACT\u00c8RE PERSONNEL<\/strong><\/p>\n<p>FELEMAMG S.L. est responsable du traitement des donn\u00e9es personnelles de la personne concern\u00e9e et l&rsquo;informe que ces donn\u00e9es seront trait\u00e9es conform\u00e9ment aux dispositions du r\u00e8glement (UE) 2016\/679 du 27 avril 2016 (RGPD). Les informations suivantes relatives au traitement lui sont donc fournies :<\/p>\n<p><strong>Finalit\u00e9s du traitement <\/strong>: comme sp\u00e9cifi\u00e9 dans la section relative aux cookies utilis\u00e9s sur ce site web.<\/p>\n<p><strong>L\u00e9gitimit\u00e9 du traitement <\/strong>: avec le consentement de la personne concern\u00e9e (art. 6.1 du RGPD). Crit\u00e8res de conservation des donn\u00e9es : comme sp\u00e9cifi\u00e9 dans la section relative aux cookies utilis\u00e9s sur le site web.<\/p>\n<p><strong>Communication des donn\u00e9es<\/strong> : les donn\u00e9es ne seront pas communiqu\u00e9es \u00e0 des tiers, sauf dans le cas des cookies appartenant \u00e0 des tiers ou en cas d&rsquo;obligation l\u00e9gale.<\/p>\n<p><strong>Droits de la personne concern\u00e9e :<\/strong><\/p>\n<p>&#8211; Droit de retirer votre consentement \u00e0 tout moment.<br \/>&#8211; Droit d&rsquo;acc\u00e8s, de rectification, de portabilit\u00e9 et de suppression de vos donn\u00e9es, et de limitation ou d&rsquo;opposition \u00e0 leur traitement.<br \/>&#8211; Droit de d\u00e9poser une r\u00e9clamation aupr\u00e8s de l&rsquo;autorit\u00e9 de contr\u00f4le (www.aepd.es) si vous estimez que le traitement n&rsquo;est pas conforme \u00e0 la r\u00e9glementation en vigueur.<\/p>\n<p><strong>Coordonn\u00e9es pour exercer vos droits :<\/strong><\/p>\n<p>FELEMAMG S.L.. AVDA AGRICULTURA, 15 POL. BANKUNION II &#8211; 33211 GIJON (Asturias). E-mail:<span class=\"antispam\"> <a class=\"v_norm\" href=\"mailto:carmen@felemamg.com\">carmen@felemamg.com<\/a><\/span>   <\/p>\n<p>[\/et_pb_text][et_pb_text disabled_on=\u00a0\u00bboff|off|off\u00a0\u00bb _builder_version=\u00a0\u00bb4.27.4&Prime; _module_preset=\u00a0\u00bbdefault\u00a0\u00bb text_text_color=\u00a0\u00bbgcid-298a8f1d-349d-4d1c-853b-980cfd104d31&Prime; text_font_size=\u00a0\u00bb18px\u00a0\u00bb text_line_height=\u00a0\u00bb1.6em\u00a0\u00bb link_text_color=\u00a0\u00bbgcid-33ac0f65-adbf-4fee-a575-b00cb7060036&Prime; header_font=\u00a0\u00bbSaira Condensed|600||on|||||\u00a0\u00bb header_font_size=\u00a0\u00bb55px\u00a0\u00bb custom_margin=\u00a0\u00bb0px||1em||false|false\u00a0\u00bb custom_padding=\u00a0\u00bb0px||0px||false|false\u00a0\u00bb hover_enabled=\u00a0\u00bb0&Prime; text_font_size_tablet=\u00a0\u00bb18px\u00a0\u00bb text_font_size_phone=\u00a0\u00bb17px\u00a0\u00bb text_font_size_last_edited=\u00a0\u00bbon|phone\u00a0\u00bb global_colors_info=\u00a0\u00bb{%22gcid-ffbbd953-c066-4460-a89e-923f8e0c919b%22:%91%22header_4_text_color%22,%22text_text_color%22,%22header_4_text_color%22,%22header_4_text_color%22,%22header_4_text_color%22,%22header_4_text_color%22,%22header_4_text_color%22,%22header_4_text_color%22,%22header_4_text_color%22,%22header_4_text_color%22%93,%22gcid-298a8f1d-349d-4d1c-853b-980cfd104d31%22:%91%22text_text_color%22,%22text_text_color%22%93,%22gcid-37bd6ebc-576d-428f-85f7-778862cedf59%22:%91%22text_text_color%22,%22text_text_color%22%93,%22gcid-33ac0f65-adbf-4fee-a575-b00cb7060036%22:%91%22link_text_color%22%93}\u00a0\u00bb sticky_enabled=\u00a0\u00bb0&Prime;]<\/p>\n<p><strong>COOKIES FONCTIONNELS<\/strong><\/p>\n<table class=\"tablafix colgen\" border=\"1\">\n<tbody>\n<tr>\n<th class=\"pad4\">Nom<\/th>\n<th class=\"pad4\">Fournisseur<\/th>\n<th class=\"pad4\">Type<\/th>\n<th class=\"pad4\">Expiration<\/th>\n<th class=\"pad4\">Objectif<\/th>\n<\/tr>\n<tr>\n<td class=\"pad4\">ASPSESSIONID<\/td>\n<td class=\"pad4\">felemamg.com<\/td>\n<td class=\"pad4\">Technique<\/td>\n<td class=\"pad4\">Session<\/td>\n<td class=\"pad4\">Cookie technique n\u00e9cessaire pour permettre l&rsquo;enregistrement des variables de session sur le serveur.<\/td>\n<\/tr>\n<tr>\n<td class=\"pad4\">analysis publi<\/td>\n<td class=\"pad4\">felemamg.com<\/td>\n<td class=\"pad4\">Technique<\/td>\n<td class=\"pad4\">1 an<\/td>\n<td class=\"pad4\">Ces cookies sont utilis\u00e9s pour enregistrer l&rsquo;accord de l&rsquo;utilisateur quant \u00e0 l&rsquo;utilisation de diff\u00e9rents types de cookies sur le site web.<\/td>\n<\/tr>\n<tr>\n<td class=\"pad4\">cookiesdirective<\/td>\n<td class=\"pad4\">Directive sur les cookies<\/td>\n<td class=\"pad4\">Technique<\/td>\n<td class=\"pad4\">1 an<\/td>\n<td class=\"pad4\">Ce cookie est enregistr\u00e9 lorsque vous enregistrez les param\u00e8tres de cookies de notre politique en mati\u00e8re de cookies.<\/td>\n<\/tr>\n<\/tbody>\n<\/table>\n<p><span><strong>COOKIES ANALYTIQUES<\/strong><\/span><\/p>\n<table class=\"tablafix colgen\" border=\"1\">\n<tbody>\n<tr>\n<th class=\"pad4\">Name<\/th>\n<th class=\"pad4\">Supplier<\/th>\n<th class=\"pad4\">Type<\/th>\n<th class=\"pad4\">Expiration<\/th>\n<th class=\"pad4\">Purpose<\/th>\n<\/tr>\n<tr>\n<td class=\"pad4\"> _utma<\/td>\n<td class=\"pad4\">Google Analytics<\/td>\n<td class=\"pad4\">Anal\u00edtica<\/td>\n<td class=\"pad4\">2 ans<\/td>\n<td class=\"pad4\">Cookie Google Analytics qui enregistre la date de la premi\u00e8re et de la derni\u00e8re visite de l&rsquo;utilisateur sur le site web.<\/td>\n<\/tr>\n<tr>\n<td class=\"pad4\">_utmb<\/td>\n<td class=\"pad4\">Google Analytics<\/td>\n<td class=\"pad4\">Analytique<\/td>\n<td class=\"pad4\">30 minutes<\/td>\n<td class=\"pad4\">Cookie Google Analytics qui enregistre l&rsquo;heure d&rsquo;arriv\u00e9e sur le site web.<\/td>\n<\/tr>\n<tr>\n<td class=\"pad4\">_utmc<\/td>\n<td class=\"pad4\">Google Analytics<\/td>\n<td class=\"pad4\">Analytique<\/td>\n<td class=\"pad4\">1 an<\/td>\n<td class=\"pad4\">Cookie Google Analytics utilis\u00e9 pour l&rsquo;interop\u00e9rabilit\u00e9 avec le code de suivi urchin.js.<\/td>\n<\/tr>\n<tr>\n<td class=\"pad4\">_utmt<\/td>\n<td class=\"pad4\">Google Analytics<\/td>\n<td class=\"pad4\">Analytique<\/td>\n<td class=\"pad4\">Session<\/td>\n<td class=\"pad4\">Cookie Google Analytics qui traite le type de demande effectu\u00e9e par l&rsquo;utilisateur.<\/td>\n<\/tr>\n<tr>\n<td class=\"pad4\">_utmz<\/td>\n<td class=\"pad4\">Google Analytics<\/td>\n<td class=\"pad4\">Analytique<\/td>\n<td class=\"pad4\">6 mois<\/td>\n<td class=\"pad4\">Cookie Google Analytics qui stocke la source du trafic ou une campagne afin d&rsquo;expliquer comment l&rsquo;utilisateur est arriv\u00e9 sur le site web.<\/td>\n<\/tr>\n<\/tbody>\n<\/table>\n<p>&nbsp;<\/p>\n<p>[\/et_pb_text][et_pb_text disabled_on=\u00a0\u00bboff|off|off\u00a0\u00bb _builder_version=\u00a0\u00bb4.27.4&Prime; _module_preset=\u00a0\u00bbdefault\u00a0\u00bb text_text_color=\u00a0\u00bbgcid-298a8f1d-349d-4d1c-853b-980cfd104d31&Prime; text_font_size=\u00a0\u00bb18px\u00a0\u00bb text_line_height=\u00a0\u00bb1.6em\u00a0\u00bb link_text_color=\u00a0\u00bbgcid-33ac0f65-adbf-4fee-a575-b00cb7060036&Prime; header_font=\u00a0\u00bbSaira Condensed|600||on|||||\u00a0\u00bb header_font_size=\u00a0\u00bb55px\u00a0\u00bb custom_margin=\u00a0\u00bb0px||1em||false|false\u00a0\u00bb custom_padding=\u00a0\u00bb0px||0px||false|false\u00a0\u00bb hover_enabled=\u00a0\u00bb0&Prime; text_font_size_tablet=\u00a0\u00bb18px\u00a0\u00bb text_font_size_phone=\u00a0\u00bb17px\u00a0\u00bb text_font_size_last_edited=\u00a0\u00bbon|phone\u00a0\u00bb global_colors_info=\u00a0\u00bb{%22gcid-ffbbd953-c066-4460-a89e-923f8e0c919b%22:%91%22header_4_text_color%22,%22text_text_color%22,%22header_4_text_color%22,%22header_4_text_color%22,%22header_4_text_color%22,%22header_4_text_color%22,%22header_4_text_color%22,%22header_4_text_color%22,%22header_4_text_color%22,%22header_4_text_color%22%93,%22gcid-298a8f1d-349d-4d1c-853b-980cfd104d31%22:%91%22text_text_color%22,%22text_text_color%22%93,%22gcid-37bd6ebc-576d-428f-85f7-778862cedf59%22:%91%22text_text_color%22,%22text_text_color%22%93,%22gcid-33ac0f65-adbf-4fee-a575-b00cb7060036%22:%91%22link_text_color%22%93}\u00a0\u00bb sticky_enabled=\u00a0\u00bb0&Prime;]<\/p>\n<p><strong>COOKIES TIERS<\/strong><\/p>\n<p>Les services tiers \u00e9chappent au contr\u00f4le de l&rsquo;\u00e9diteur. Les fournisseurs peuvent modifier \u00e0 tout moment leurs conditions d&rsquo;utilisation, la finalit\u00e9 et l&rsquo;utilisation des cookies, etc. <\/p>\n<p>Fournisseurs externes de ce site web :<\/p>\n<p>Google Analytics &#8211; <a href=\"https:\/\/privacy.google.com\/take-control.html\" target=\"_blank\" rel=\"noopener\">https:\/\/privacy.google.com\/take-control.html<\/a><\/p>\n<p>Google &#8211; <a href=\"https:\/\/privacy.google.com\/take-control.html\" target=\"_blank\" rel=\"noopener\">https:\/\/privacy.google.com\/take-control.html<\/a><\/p>\n<p><strong>COMMENT G\u00c9RER LES COOKIES \u00c0 PARTIR DU NAVIGATEUR<\/strong><\/p>\n<p><strong>Supprimer les cookies de l&rsquo;appareil<\/strong> : les cookies d\u00e9j\u00e0 pr\u00e9sents sur un appareil peuvent \u00eatre supprim\u00e9s en effa\u00e7ant l&rsquo;historique du navigateur, ce qui supprime les cookies de tous les sites web visit\u00e9s.<br \/>Cependant, certaines informations enregistr\u00e9es (par exemple, les donn\u00e9es de connexion ou les pr\u00e9f\u00e9rences du site web) peuvent \u00e9galement \u00eatre perdues.<\/p>\n<p><strong>G\u00e9rer les cookies sp\u00e9cifiques au site <\/strong>: pour contr\u00f4ler plus pr\u00e9cis\u00e9ment les cookies sp\u00e9cifiques \u00e0 chaque site, les utilisateurs peuvent ajuster leurs param\u00e8tres de confidentialit\u00e9 et de cookies dans leur navigateur.<\/p>\n<p><strong>Bloquear las cookies:<\/strong> aunque la mayor\u00eda de los navegadores modernos se pueden configurar para evitar que se instalen cookies en los dispositivos, eso puede obligar al ajuste manual de determinadas preferencias cada vez que se visite un sitio o p\u00e1gina. Adem\u00e1s, algunos servicios y caracter\u00edsticas pueden no funcionar correctamente (por ejemplo, los inicios de sesi\u00f3n con perfil). <\/p>\n<p><strong>COMMENT SUPPRIMER LES COOKIES DES NAVIGATEURS LES PLUS COURANTS<\/strong><\/p>\n<p>Chrome <a href=\"https:\/\/privacy.google.com\/take-control.html\" target=\"_blank\" rel=\"noopener\">http:\/\/support.google.com\/chrome\/answer\/95647?hl=es<\/a><br \/>Internet Explorer. Version 11 <a href=\"https:\/\/support.microsoft.com\/es-es\/help\/278835\/how-to-delete-cookie-files-in-internet-explorer\" target=\"_blank\" rel=\"noopener\">https:\/\/support.microsoft.com\/es-es\/help\/278835\/how-to-delete-cookie-files-in-internet-explorer<\/a><br \/>Firefox. Version 65.0.1 <a href=\"https:\/\/www.mozilla.org\/es-ES\/privacy\/websites\/#cookies\" target=\"_blank\" rel=\"noopener\">https:\/\/www.mozilla.org\/es-ES\/privacy\/websites\/#cookies<\/a><br \/>Safari Version 5.1 <a href=\"https:\/\/support.apple.com\/es-es\/guide\/safari\/sfri11471\/mac\" target=\"_blank\" rel=\"noopener\">https:\/\/support.apple.com\/es-es\/guide\/safari\/sfri11471\/mac<\/a><br \/>Opera <a href=\"https:\/\/help.opera.com\/en\/latest\/security-and-privacy\/#clearBrowsingData\" target=\"_blank\" rel=\"noopener\">https:\/\/help.opera.com\/en\/latest\/security-and-privacy\/#clearBrowsingData<\/a>  <\/p>\n<p>[\/et_pb_text][\/et_pb_column][\/et_pb_row][\/et_pb_section]<\/p>\n","protected":false},"excerpt":{"rendered":"<p>Politique en mati\u00e8re de cookies INFORMATIONS SUR LES COOKIES Conform\u00e9ment \u00e0 la loi 34\/2002 du 11 juillet relative aux services de la soci\u00e9t\u00e9 de l&rsquo;information et au commerce \u00e9lectronique (LSSI), en relation avec le r\u00e8glement (UE) 2016\/679 du Parlement europ\u00e9en et du Conseil du 27 avril 2016 g\u00e9n\u00e9ral sur la protection des donn\u00e9es (RGPD) et [&hellip;]<\/p>\n","protected":false},"author":1,"featured_media":0,"parent":0,"menu_order":0,"comment_status":"closed","ping_status":"closed","template":"","meta":{"_et_pb_use_builder":"on","_et_pb_old_content":"","_et_gb_content_width":"","inline_featured_image":false,"footnotes":""},"class_list":["post-327724","page","type-page","status-publish","hentry"],"_links":{"self":[{"href":"https:\/\/www.felemamg.com\/fr\/wp-json\/wp\/v2\/pages\/327724","targetHints":{"allow":["GET"]}}],"collection":[{"href":"https:\/\/www.felemamg.com\/fr\/wp-json\/wp\/v2\/pages"}],"about":[{"href":"https:\/\/www.felemamg.com\/fr\/wp-json\/wp\/v2\/types\/page"}],"author":[{"embeddable":true,"href":"https:\/\/www.felemamg.com\/fr\/wp-json\/wp\/v2\/users\/1"}],"replies":[{"embeddable":true,"href":"https:\/\/www.felemamg.com\/fr\/wp-json\/wp\/v2\/comments?post=327724"}],"version-history":[{"count":0,"href":"https:\/\/www.felemamg.com\/fr\/wp-json\/wp\/v2\/pages\/327724\/revisions"}],"wp:attachment":[{"href":"https:\/\/www.felemamg.com\/fr\/wp-json\/wp\/v2\/media?parent=327724"}],"curies":[{"name":"wp","href":"https:\/\/api.w.org\/{rel}","templated":true}]}}