{"id":327721,"date":"2025-05-06T07:43:55","date_gmt":"2025-05-06T07:43:55","guid":{"rendered":"https:\/\/www.felemamg.com\/actualites\/"},"modified":"2025-11-20T12:51:13","modified_gmt":"2025-11-20T12:51:13","slug":"actualites","status":"publish","type":"page","link":"https:\/\/www.felemamg.com\/fr\/actualites\/","title":{"rendered":"Actualit\u00e9s"},"content":{"rendered":"<p>[et_pb_section fb_built=\u00a0\u00bb1&Prime; _builder_version=\u00a0\u00bb4.27.4&Prime; _module_preset=\u00a0\u00bbdefault\u00a0\u00bb overflow-x=\u00a0\u00bbhidden\u00a0\u00bb overflow-y=\u00a0\u00bbhidden\u00a0\u00bb custom_margin=\u00a0\u00bb0px||0px||false|false\u00a0\u00bb custom_padding=\u00a0\u00bb36px||0px||false|false\u00a0\u00bb locked=\u00a0\u00bboff\u00a0\u00bb global_colors_info=\u00a0\u00bb{}\u00a0\u00bb][et_pb_row column_structure=\u00a0\u00bb3_5,2_5&Prime; use_custom_gutter=\u00a0\u00bbon\u00a0\u00bb gutter_width=\u00a0\u00bb2&Prime; make_equal=\u00a0\u00bbon\u00a0\u00bb _builder_version=\u00a0\u00bb4.27.4&Prime; _module_preset=\u00a0\u00bbdefault\u00a0\u00bb width=\u00a0\u00bb90%\u00a0\u00bb max_width=\u00a0\u00bb1400px\u00a0\u00bb custom_margin=\u00a0\u00bb0px||0px||false|false\u00a0\u00bb custom_padding=\u00a0\u00bb0px||2em||false|false\u00a0\u00bb custom_css_main_element=\u00a0\u00bbalign-items:flex-end;\u00a0\u00bb locked=\u00a0\u00bboff\u00a0\u00bb global_colors_info=\u00a0\u00bb{}\u00a0\u00bb][et_pb_column type=\u00a0\u00bb3_5&Prime; _builder_version=\u00a0\u00bb4.19.4&Prime; _module_preset=\u00a0\u00bbdefault\u00a0\u00bb global_colors_info=\u00a0\u00bb{}\u00a0\u00bb][et_pb_text disabled_on=\u00a0\u00bboff|off|off\u00a0\u00bb _builder_version=\u00a0\u00bb4.27.4&Prime; _module_preset=\u00a0\u00bbdefault\u00a0\u00bb custom_margin=\u00a0\u00bb0px||20px||false|false\u00a0\u00bb custom_padding=\u00a0\u00bb0px||0px||false|false\u00a0\u00bb custom_css_main_element=\u00a0\u00bbdisplay:inline-block;\u00a0\u00bb custom_css_after=\u00a0\u00bbcontent: \u00a0\u00bb;||    position: absolute;||    width: 30px;||    height: 1px;||    background-color: #ff9400;||    right: -43px;||    top: 5px;\u00a0\u00bb global_colors_info=\u00a0\u00bb{%22gcid-ffbbd953-c066-4460-a89e-923f8e0c919b%22:%91%22header_4_text_color%22,%22text_text_color%22%93}\u00a0\u00bb]<\/p>\n<h4>Actualit\u00e9s<\/h4>\n<p>[\/et_pb_text][et_pb_text disabled_on=\u00a0\u00bboff|off|off\u00a0\u00bb _builder_version=\u00a0\u00bb4.27.4&Prime; _module_preset=\u00a0\u00bbdefault\u00a0\u00bb header_font_size=\u00a0\u00bb68px\u00a0\u00bb custom_padding=\u00a0\u00bb0em||0em||false|false\u00a0\u00bb header_font_size_tablet=\u00a0\u00bb50px\u00a0\u00bb global_colors_info=\u00a0\u00bb{}\u00a0\u00bb]<\/p>\n<h1>Actualit\u00e9s et projets<\/h1>\n<p>[\/et_pb_text][\/et_pb_column][et_pb_column type=\u00a0\u00bb2_5&Prime; _builder_version=\u00a0\u00bb4.27.4&Prime; _module_preset=\u00a0\u00bbdefault\u00a0\u00bb custom_padding=\u00a0\u00bb||||false|false\u00a0\u00bb custom_padding_tablet=\u00a0\u00bb|0px|||false|false\u00a0\u00bb custom_padding_phone=\u00a0\u00bb|0px|||false|false\u00a0\u00bb custom_padding_last_edited=\u00a0\u00bbon|tablet\u00a0\u00bb global_colors_info=\u00a0\u00bb{}\u00a0\u00bb][et_pb_text disabled_on=\u00a0\u00bboff|off|off\u00a0\u00bb _builder_version=\u00a0\u00bb4.27.4&Prime; _module_preset=\u00a0\u00bbdefault\u00a0\u00bb text_text_color=\u00a0\u00bbgcid-298a8f1d-349d-4d1c-853b-980cfd104d31&Prime; text_font_size=\u00a0\u00bb18px\u00a0\u00bb text_line_height=\u00a0\u00bb1.6em\u00a0\u00bb custom_margin=\u00a0\u00bb0px||0px||false|false\u00a0\u00bb custom_padding=\u00a0\u00bb0px||0px||false|false\u00a0\u00bb text_font_size_tablet=\u00a0\u00bb18px\u00a0\u00bb text_font_size_phone=\u00a0\u00bb17px\u00a0\u00bb text_font_size_last_edited=\u00a0\u00bbon|phone\u00a0\u00bb global_colors_info=\u00a0\u00bb{%22gcid-ffbbd953-c066-4460-a89e-923f8e0c919b%22:%91%22header_4_text_color%22,%22header_4_text_color%22,%22header_4_text_color%22%93,%22gcid-298a8f1d-349d-4d1c-853b-980cfd104d31%22:%91%22text_text_color%22%93}\u00a0\u00bb]Bienvenue sur le blog de Felemamg, o\u00f9 nous partageons les derni\u00e8res actualit\u00e9s, les r\u00e9ussites et les innovations en mati\u00e8re de solutions magn\u00e9tiques industrielles. Un espace technique destin\u00e9 aux professionnels qui souhaitent se tenir inform\u00e9s des derni\u00e8res avanc\u00e9es en mati\u00e8re d&rsquo;applications magn\u00e9tiques.[\/et_pb_text][\/et_pb_column][\/et_pb_row][\/et_pb_section][et_pb_section fb_built=\u00a0\u00bb1&Prime; custom_padding_last_edited=\u00a0\u00bbon|desktop\u00a0\u00bb admin_label=\u00a0\u00bbSecci\u00f3n\u00a0\u00bb _builder_version=\u00a0\u00bb4.27.4&Prime; _module_preset=\u00a0\u00bbdefault\u00a0\u00bb background_enable_color=\u00a0\u00bboff\u00a0\u00bb background_image=\u00a0\u00bbhttps:\/\/www.felemamg.com\/wp-content\/uploads\/2025\/07\/Industria-felemamg-2.jpg\u00a0\u00bb background_position=\u00a0\u00bbtop_center\u00a0\u00bb background_vertical_offset=\u00a0\u00bb62%\u00a0\u00bb background_blend=\u00a0\u00bbmultiply\u00a0\u00bb width=\u00a0\u00bb98%\u00a0\u00bb max_width=\u00a0\u00bb98%\u00a0\u00bb module_alignment=\u00a0\u00bbcenter\u00a0\u00bb overflow-x=\u00a0\u00bbhidden\u00a0\u00bb overflow-y=\u00a0\u00bbhidden\u00a0\u00bb custom_margin=\u00a0\u00bb0px||0px||false|false\u00a0\u00bb custom_padding=\u00a0\u00bb0px||26em||false|false\u00a0\u00bb custom_padding_tablet=\u00a0\u00bb0px||220px||false|false\u00a0\u00bb custom_padding_phone=\u00a0\u00bb0px||12em||false|false\u00a0\u00bb animation_style=\u00a0\u00bbfade\u00a0\u00bb animation_speed_curve=\u00a0\u00bbease\u00a0\u00bb background_last_edited=\u00a0\u00bbon|phone\u00a0\u00bb background_position_phone=\u00a0\u00bbtop_left\u00a0\u00bb background_horizontal_offset_phone=\u00a0\u00bb34%\u00a0\u00bb locked=\u00a0\u00bboff\u00a0\u00bb global_colors_info=\u00a0\u00bb{}\u00a0\u00bb][et_pb_row use_custom_gutter=\u00a0\u00bbon\u00a0\u00bb gutter_width=\u00a0\u00bb1&Prime; _builder_version=\u00a0\u00bb4.27.4&Prime; _module_preset=\u00a0\u00bbdefault\u00a0\u00bb width=\u00a0\u00bb90%\u00a0\u00bb max_width=\u00a0\u00bb1400px\u00a0\u00bb custom_margin=\u00a0\u00bb0px||0px||false|false\u00a0\u00bb custom_padding=\u00a0\u00bb0px||0px||false|false\u00a0\u00bb global_colors_info=\u00a0\u00bb{}\u00a0\u00bb][et_pb_column type=\u00a0\u00bb4_4&Prime; _builder_version=\u00a0\u00bb4.19.4&Prime; _module_preset=\u00a0\u00bbdefault\u00a0\u00bb animation_style=\u00a0\u00bbslide\u00a0\u00bb animation_direction=\u00a0\u00bbbottom\u00a0\u00bb animation_delay=\u00a0\u00bb300ms\u00a0\u00bb animation_intensity_slide=\u00a0\u00bb6%\u00a0\u00bb animation_speed_curve=\u00a0\u00bbease\u00a0\u00bb global_colors_info=\u00a0\u00bb{}\u00a0\u00bb][\/et_pb_column][\/et_pb_row][\/et_pb_section][et_pb_section fb_built=\u00a0\u00bb1&Prime; custom_padding_last_edited=\u00a0\u00bbon|phone\u00a0\u00bb admin_label=\u00a0\u00bbDivi Blog Style V43 Main Section\u00a0\u00bb _builder_version=\u00a0\u00bb4.27.4&Prime; _module_preset=\u00a0\u00bbdefault\u00a0\u00bb custom_padding=\u00a0\u00bb4em||8em||false|false\u00a0\u00bb custom_padding_tablet=\u00a0\u00bb||0em||false|false\u00a0\u00bb custom_padding_phone=\u00a0\u00bb4em||0em||false|false\u00a0\u00bb locked=\u00a0\u00bboff\u00a0\u00bb global_colors_info=\u00a0\u00bb{}\u00a0\u00bb][et_pb_row _builder_version=\u00a0\u00bb4.27.4&Prime; _module_preset=\u00a0\u00bbdefault\u00a0\u00bb width=\u00a0\u00bb100%\u00a0\u00bb max_width=\u00a0\u00bb1420px\u00a0\u00bb hover_enabled=\u00a0\u00bb0&Prime; global_colors_info=\u00a0\u00bb{}\u00a0\u00bb sticky_enabled=\u00a0\u00bb0&Prime;][et_pb_column type=\u00a0\u00bb4_4&Prime; _builder_version=\u00a0\u00bb4.27.4&Prime; _module_preset=\u00a0\u00bbdefault\u00a0\u00bb hover_enabled=\u00a0\u00bb0&Prime; global_colors_info=\u00a0\u00bb{}\u00a0\u00bb sticky_enabled=\u00a0\u00bb0&Prime;][et_pb_blog fullwidth=\u00a0\u00bboff\u00a0\u00bb posts_number=\u00a0\u00bb9&Prime; use_manual_excerpt=\u00a0\u00bboff\u00a0\u00bb excerpt_length=\u00a0\u00bb120&Prime; show_author=\u00a0\u00bboff\u00a0\u00bb show_categories=\u00a0\u00bboff\u00a0\u00bb show_excerpt=\u00a0\u00bboff\u00a0\u00bb module_class=\u00a0\u00bbigualar-alturas\u00a0\u00bb _builder_version=\u00a0\u00bb4.27.4&Prime; _module_preset=\u00a0\u00bbdefault\u00a0\u00bb header_level=\u00a0\u00bbh3&Prime; header_font=\u00a0\u00bbKanit||||||||\u00a0\u00bb header_text_color=\u00a0\u00bbgcid-298a8f1d-349d-4d1c-853b-980cfd104d31&Prime; header_font_size=\u00a0\u00bb22px\u00a0\u00bb header_line_height=\u00a0\u00bb26px\u00a0\u00bb meta_font=\u00a0\u00bbRoboto Flex||||||||\u00a0\u00bb meta_text_color=\u00a0\u00bbgcid-ffbbd953-c066-4460-a89e-923f8e0c919b\u00a0\u00bb read_more_font=\u00a0\u00bbPoppins|600||on|||||\u00a0\u00bb read_more_text_color=\u00a0\u00bb#0077b6&Prime; read_more_font_size=\u00a0\u00bb15px\u00a0\u00bb pagination_font=\u00a0\u00bbKanit||||||||\u00a0\u00bb pagination_text_color=\u00a0\u00bbgcid-ffbbd953-c066-4460-a89e-923f8e0c919b\u00a0\u00bb pagination_font_size=\u00a0\u00bb16px\u00a0\u00bb custom_margin=\u00a0\u00bb0px||0px||true|false\u00a0\u00bb custom_padding=\u00a0\u00bb0px||0px||false|false\u00a0\u00bb hover_enabled=\u00a0\u00bb0&Prime; custom_css_featured_image=\u00a0\u00bbpadding:1em;\u00a0\u00bb border_color_all=\u00a0\u00bbgcid-ffbbd953-c066-4460-a89e-923f8e0c919b\u00a0\u00bb border_color_all_image=\u00a0\u00bb#FFFFFF\u00a0\u00bb global_colors_info=\u00a0\u00bb{%22gcid-298a8f1d-349d-4d1c-853b-980cfd104d31%22:%91%22header_text_color%22%93,%22gcid-ffbbd953-c066-4460-a89e-923f8e0c919b%22:%91%22meta_text_color%22,%22border_color_all%22,%22pagination_text_color%22%93}\u00a0\u00bb custom_css_title_tablet=\u00a0\u00bbpadding-bottom: 15px;||padding-top: 10px;\u00a0\u00bb custom_css_title_phone=\u00a0\u00bbpadding-bottom: 15px;||padding-top: 10px;\u00a0\u00bb custom_css_title_last_edited=\u00a0\u00bboff|desktop\u00a0\u00bb sticky_enabled=\u00a0\u00bb0&Prime;][\/et_pb_blog][\/et_pb_column][\/et_pb_row][\/et_pb_section]<\/p>\n","protected":false},"excerpt":{"rendered":"<p>Actualit\u00e9sActualit\u00e9s et projetsBienvenue sur le blog de Felemamg, o\u00f9 nous partageons les derni\u00e8res actualit\u00e9s, les r\u00e9ussites et les innovations en mati\u00e8re de solutions magn\u00e9tiques industrielles. Un espace technique destin\u00e9 aux professionnels qui souhaitent se tenir inform\u00e9s des derni\u00e8res avanc\u00e9es en mati\u00e8re d&rsquo;applications magn\u00e9tiques.<\/p>\n","protected":false},"author":1,"featured_media":0,"parent":0,"menu_order":0,"comment_status":"closed","ping_status":"closed","template":"","meta":{"_et_pb_use_builder":"on","_et_pb_old_content":"","_et_gb_content_width":"","inline_featured_image":false,"footnotes":""},"class_list":["post-327721","page","type-page","status-publish","hentry"],"_links":{"self":[{"href":"https:\/\/www.felemamg.com\/fr\/wp-json\/wp\/v2\/pages\/327721","targetHints":{"allow":["GET"]}}],"collection":[{"href":"https:\/\/www.felemamg.com\/fr\/wp-json\/wp\/v2\/pages"}],"about":[{"href":"https:\/\/www.felemamg.com\/fr\/wp-json\/wp\/v2\/types\/page"}],"author":[{"embeddable":true,"href":"https:\/\/www.felemamg.com\/fr\/wp-json\/wp\/v2\/users\/1"}],"replies":[{"embeddable":true,"href":"https:\/\/www.felemamg.com\/fr\/wp-json\/wp\/v2\/comments?post=327721"}],"version-history":[{"count":0,"href":"https:\/\/www.felemamg.com\/fr\/wp-json\/wp\/v2\/pages\/327721\/revisions"}],"wp:attachment":[{"href":"https:\/\/www.felemamg.com\/fr\/wp-json\/wp\/v2\/media?parent=327721"}],"curies":[{"name":"wp","href":"https:\/\/api.w.org\/{rel}","templated":true}]}}