{"id":327635,"date":"2025-07-17T12:20:54","date_gmt":"2025-07-17T12:20:54","guid":{"rendered":"https:\/\/www.felemamg.com\/avertissement-legal\/"},"modified":"2025-11-20T08:31:24","modified_gmt":"2025-11-20T08:31:24","slug":"avertissement-legal","status":"publish","type":"page","link":"https:\/\/www.felemamg.com\/fr\/avertissement-legal\/","title":{"rendered":"Avertissement l\u00e9gal"},"content":{"rendered":"<p>[et_pb_section fb_built=\u00a0\u00bb1&Prime; theme_builder_area=\u00a0\u00bbpost_content\u00a0\u00bb _builder_version=\u00a0\u00bb4.27.4&Prime; _module_preset=\u00a0\u00bbdefault\u00a0\u00bb][et_pb_row _builder_version=\u00a0\u00bb4.27.4&Prime; _module_preset=\u00a0\u00bbdefault\u00a0\u00bb theme_builder_area=\u00a0\u00bbpost_content\u00a0\u00bb width=\u00a0\u00bb90%\u00a0\u00bb max_width=\u00a0\u00bb1400px\u00a0\u00bb hover_enabled=\u00a0\u00bb0&Prime; sticky_enabled=\u00a0\u00bb0&Prime;][et_pb_column _builder_version=\u00a0\u00bb4.27.4&Prime; _module_preset=\u00a0\u00bbdefault\u00a0\u00bb type=\u00a0\u00bb4_4&Prime; theme_builder_area=\u00a0\u00bbpost_content\u00a0\u00bb][et_pb_text _builder_version=\u00a0\u00bb4.27.4&Prime; _module_preset=\u00a0\u00bbdefault\u00a0\u00bb theme_builder_area=\u00a0\u00bbpost_content\u00a0\u00bb text_text_color=\u00a0\u00bbgcid-298a8f1d-349d-4d1c-853b-980cfd104d31&Prime; sticky_enabled=\u00a0\u00bb0&Prime; disabled_on=\u00a0\u00bboff|off|off\u00a0\u00bb text_font_size=\u00a0\u00bb18px\u00a0\u00bb text_font_size_tablet=\u00a0\u00bb18px\u00a0\u00bb text_font_size_phone=\u00a0\u00bb17px\u00a0\u00bb text_font_size_last_edited=\u00a0\u00bbon|phone\u00a0\u00bb text_line_height=\u00a0\u00bb1.6em\u00a0\u00bb custom_margin=\u00a0\u00bb0px||1em||false|false\u00a0\u00bb custom_padding=\u00a0\u00bb0px||0px||false|false\u00a0\u00bb hover_enabled=\u00a0\u00bb0&Prime; header_font=\u00a0\u00bbSaira Condensed|600||on|||||\u00a0\u00bb header_font_size=\u00a0\u00bb55px\u00a0\u00bb global_colors_info=\u00a0\u00bb{%22gcid-ffbbd953-c066-4460-a89e-923f8e0c919b%22:%91%22header_4_text_color%22,%22header_4_text_color%22,%22header_4_text_color%22,%22header_4_text_color%22,%22header_4_text_color%22,%22header_4_text_color%22,%22header_4_text_color%22,%22header_4_text_color%22%93,%22gcid-298a8f1d-349d-4d1c-853b-980cfd104d31%22:%91%22text_text_color%22,%22text_text_color%22%93,%22gcid-37bd6ebc-576d-428f-85f7-778862cedf59%22:%91%22text_text_color%22,%22text_text_color%22%93}\u00a0\u00bb]<\/p>\n<h1>Mentions l\u00e9gales<\/h1>\n<p>LOI SUR LES SERVICES DE LA SOCI\u00c9T\u00c9 DE L&rsquo;INFORMATION<\/p>\n<p>FELEMAMG, S.L., responsable du site web, ci-apr\u00e8s d\u00e9nomm\u00e9 le RESPONSABLE, met ce document \u00e0 la disposition des utilisateurs, avec lequel il entend se conformer aux obligations pr\u00e9vues par la loi 34\/2002 du 11 juillet relative aux services de la soci\u00e9t\u00e9 de l&rsquo;information et au commerce \u00e9lectronique (LSSICE), BOE n\u00b0 166, ainsi qu&rsquo;informer tous les utilisateurs du site web des conditions d&rsquo;utilisation.<\/p>\n<p>Toute personne acc\u00e9dant \u00e0 ce site Web assume le r\u00f4le d&rsquo;utilisateur et s&rsquo;engage \u00e0 respecter et \u00e0 se conformer strictement aux dispositions \u00e9nonc\u00e9es ici, ainsi qu&rsquo;\u00e0 toute autre disposition l\u00e9gale applicable.<\/p>\n<p>FELEMAMG SL se r\u00e9serve le droit de modifier tout type d&rsquo;information pouvant appara\u00eetre sur le site Web, sans obligation de pr\u00e9avis ou d&rsquo;information des utilisateurs, la publication sur le site Web de FELEMAMG SL \u00e9tant consid\u00e9r\u00e9e comme suffisante.<\/p>\n<p>[\/et_pb_text][et_pb_text _builder_version=\u00a0\u00bb4.27.4&Prime; _module_preset=\u00a0\u00bbdefault\u00a0\u00bb theme_builder_area=\u00a0\u00bbpost_content\u00a0\u00bb text_text_color=\u00a0\u00bbgcid-298a8f1d-349d-4d1c-853b-980cfd104d31&Prime; sticky_enabled=\u00a0\u00bb0&Prime; disabled_on=\u00a0\u00bboff|off|off\u00a0\u00bb text_font_size=\u00a0\u00bb18px\u00a0\u00bb text_font_size_tablet=\u00a0\u00bb18px\u00a0\u00bb text_font_size_phone=\u00a0\u00bb17px\u00a0\u00bb text_font_size_last_edited=\u00a0\u00bbon|phone\u00a0\u00bb text_line_height=\u00a0\u00bb1.6em\u00a0\u00bb custom_margin=\u00a0\u00bb0px||1em||false|false\u00a0\u00bb custom_padding=\u00a0\u00bb0px||0px||false|false\u00a0\u00bb hover_enabled=\u00a0\u00bb0&Prime; header_font=\u00a0\u00bbSaira Condensed|600||on|||||\u00a0\u00bb header_font_size=\u00a0\u00bb55px\u00a0\u00bb global_colors_info=\u00a0\u00bb{%22gcid-ffbbd953-c066-4460-a89e-923f8e0c919b%22:%91%22header_4_text_color%22,%22text_text_color%22,%22header_4_text_color%22,%22header_4_text_color%22,%22header_4_text_color%22,%22header_4_text_color%22,%22header_4_text_color%22,%22header_4_text_color%22,%22header_4_text_color%22,%22header_4_text_color%22%93,%22gcid-298a8f1d-349d-4d1c-853b-980cfd104d31%22:%91%22text_text_color%22,%22text_text_color%22%93,%22gcid-37bd6ebc-576d-428f-85f7-778862cedf59%22:%91%22text_text_color%22,%22text_text_color%22%93,%22gcid-33ac0f65-adbf-4fee-a575-b00cb7060036%22:%91%22link_text_color%22%93}\u00a0\u00bb link_text_color=\u00a0\u00bbgcid-33ac0f65-adbf-4fee-a575-b00cb7060036&Prime;]<\/p>\n<p><strong>1 &#8211; DONN\u00c9ES D&rsquo;IDENTIFICATION<\/strong><\/p>\n<ul>\n<li>Nom de domaine : <a href=\"http:\/\/www.felemamg.com\/\">http:\/\/www.felemamg.com\/<\/a><\/li>\n<li>Nom commercial : FELEMAMG SL<\/li>\n<li>Raison sociale : FELEMAMG SL<\/li>\n<li>NIF: B33016387<\/li>\n<li>Si\u00e8ge social : AVDA AGRICULTURA 15, POL. BANKUNION II 33211 Gij\u00f3n (ASTURIES) <\/li>\n<li>T\u00e9l\u00e9phone : 985324408<\/li>\n<li>e-mail: <a href=\"mailto:felemamg@felemamg.com\">felemamg@felemamg.com<\/a><\/li>\n<li>Inscrite au registre (du commerce \/ public) : REGISTRE DU COMMERCE D&rsquo;OVIEDO, TOME 181, LIVRE 21, FEUILLE 26, PAGE 478<\/li>\n<\/ul>\n<p>[\/et_pb_text][et_pb_text _builder_version=\u00a0\u00bb4.27.4&Prime; _module_preset=\u00a0\u00bbdefault\u00a0\u00bb theme_builder_area=\u00a0\u00bbpost_content\u00a0\u00bb text_text_color=\u00a0\u00bbgcid-298a8f1d-349d-4d1c-853b-980cfd104d31&Prime; sticky_enabled=\u00a0\u00bb0&Prime; disabled_on=\u00a0\u00bboff|off|off\u00a0\u00bb text_font_size=\u00a0\u00bb18px\u00a0\u00bb text_font_size_tablet=\u00a0\u00bb18px\u00a0\u00bb text_font_size_phone=\u00a0\u00bb17px\u00a0\u00bb text_font_size_last_edited=\u00a0\u00bbon|phone\u00a0\u00bb text_line_height=\u00a0\u00bb1.6em\u00a0\u00bb custom_margin=\u00a0\u00bb0px||1em||false|false\u00a0\u00bb custom_padding=\u00a0\u00bb0px||0px||false|false\u00a0\u00bb hover_enabled=\u00a0\u00bb0&Prime; header_font=\u00a0\u00bbSaira Condensed|600||on|||||\u00a0\u00bb header_font_size=\u00a0\u00bb55px\u00a0\u00bb global_colors_info=\u00a0\u00bb{%22gcid-ffbbd953-c066-4460-a89e-923f8e0c919b%22:%91%22header_4_text_color%22,%22text_text_color%22,%22header_4_text_color%22,%22header_4_text_color%22,%22header_4_text_color%22,%22header_4_text_color%22,%22header_4_text_color%22,%22header_4_text_color%22,%22header_4_text_color%22,%22header_4_text_color%22%93,%22gcid-298a8f1d-349d-4d1c-853b-980cfd104d31%22:%91%22text_text_color%22,%22text_text_color%22%93,%22gcid-37bd6ebc-576d-428f-85f7-778862cedf59%22:%91%22text_text_color%22,%22text_text_color%22%93,%22gcid-33ac0f65-adbf-4fee-a575-b00cb7060036%22:%91%22link_text_color%22%93}\u00a0\u00bb link_text_color=\u00a0\u00bbgcid-33ac0f65-adbf-4fee-a575-b00cb7060036&Prime;]<\/p>\n<p><strong>2 &#8211; DROITS DE PROPRI\u00c9T\u00c9 INDUSTRIELLE<\/strong><\/p>\n<p>Le site Web, y compris, \u00e0 titre indicatif mais non limitatif, sa programmation, son \u00e9dition, sa compilation et les autres \u00e9l\u00e9ments n\u00e9cessaires \u00e0 son fonctionnement, les designs, logos, textes et\/ou graphiques, sont la propri\u00e9t\u00e9 du RESPONSABLE ou, le cas \u00e9ch\u00e9ant, font l&rsquo;objet d&rsquo;une licence ou d&rsquo;une autorisation expresse de la part des auteurs. Tous les contenus du site Web sont d\u00fbment prot\u00e9g\u00e9s par la r\u00e9glementation en mati\u00e8re de propri\u00e9t\u00e9 intellectuelle et industrielle, et sont inscrits dans les registres publics correspondants. <\/p>\n<p>Ind\u00e9pendamment de la finalit\u00e9 \u00e0 laquelle ils sont destin\u00e9s, la reproduction totale ou partielle, l&rsquo;utilisation, l&rsquo;exploitation, la distribution et la commercialisation n\u00e9cessitent dans tous les cas l&rsquo;autorisation \u00e9crite pr\u00e9alable du RESPONSABLE. Toute utilisation non autoris\u00e9e pr\u00e9alablement est consid\u00e9r\u00e9e comme une violation grave des droits de propri\u00e9t\u00e9 intellectuelle ou industrielle de l&rsquo;auteur. <\/p>\n<p>Les dessins, logos, textes et\/ou graphiques n&rsquo;appartenant pas au RESPONSABLE et pouvant appara\u00eetre sur le site Web appartiennent \u00e0 leurs propri\u00e9taires respectifs, qui sont eux-m\u00eames responsables de tout litige pouvant survenir \u00e0 leur sujet.<\/p>\n<p>Le RESPONSABLE autorise express\u00e9ment les tiers \u00e0 rediriger directement vers les contenus sp\u00e9cifiques du site Web et, dans tous les cas, \u00e0 rediriger vers le site Web principal http:\/\/www.felemamg.com\/. Le RESPONSABLE reconna\u00eet aux titulaires les droits de propri\u00e9t\u00e9 intellectuelle et industrielle correspondants, leur simple mention ou apparition sur le site Web n&rsquo;impliquant pas l&rsquo;existence de droits ou de responsabilit\u00e9s quelconques \u00e0 leur \u00e9gard, ni le soutien, le parrainage ou la recommandation de celui-ci.<\/p>\n<p>Pour toute remarque concernant d&rsquo;\u00e9ventuelles violations des droits de propri\u00e9t\u00e9 intellectuelle ou industrielle, ainsi que sur tout contenu du site Web, vous pouvez nous contacter par e-mail \u00e0 l&rsquo;adresse <a href=\"mailto:felemamg@felemamg.com\">felemamg@felemamg.com<\/a>.<\/p>\n<p>[\/et_pb_text][et_pb_text _builder_version=\u00a0\u00bb4.27.4&Prime; _module_preset=\u00a0\u00bbdefault\u00a0\u00bb theme_builder_area=\u00a0\u00bbpost_content\u00a0\u00bb text_text_color=\u00a0\u00bbgcid-298a8f1d-349d-4d1c-853b-980cfd104d31&Prime; sticky_enabled=\u00a0\u00bb0&Prime; disabled_on=\u00a0\u00bboff|off|off\u00a0\u00bb text_font_size=\u00a0\u00bb18px\u00a0\u00bb text_font_size_tablet=\u00a0\u00bb18px\u00a0\u00bb text_font_size_phone=\u00a0\u00bb17px\u00a0\u00bb text_font_size_last_edited=\u00a0\u00bbon|phone\u00a0\u00bb text_line_height=\u00a0\u00bb1.6em\u00a0\u00bb custom_margin=\u00a0\u00bb0px||1em||false|false\u00a0\u00bb custom_padding=\u00a0\u00bb0px||0px||false|false\u00a0\u00bb hover_enabled=\u00a0\u00bb0&Prime; header_font=\u00a0\u00bbSaira Condensed|600||on|||||\u00a0\u00bb header_font_size=\u00a0\u00bb55px\u00a0\u00bb global_colors_info=\u00a0\u00bb{%22gcid-ffbbd953-c066-4460-a89e-923f8e0c919b%22:%91%22header_4_text_color%22,%22text_text_color%22,%22header_4_text_color%22,%22header_4_text_color%22,%22header_4_text_color%22,%22header_4_text_color%22,%22header_4_text_color%22,%22header_4_text_color%22,%22header_4_text_color%22,%22header_4_text_color%22%93,%22gcid-298a8f1d-349d-4d1c-853b-980cfd104d31%22:%91%22text_text_color%22,%22text_text_color%22%93,%22gcid-37bd6ebc-576d-428f-85f7-778862cedf59%22:%91%22text_text_color%22,%22text_text_color%22%93,%22gcid-33ac0f65-adbf-4fee-a575-b00cb7060036%22:%91%22link_text_color%22%93}\u00a0\u00bb link_text_color=\u00a0\u00bbgcid-33ac0f65-adbf-4fee-a575-b00cb7060036&Prime;]<\/p>\n<p><strong>3 &#8211; CLAUSE DE NON-RESPONSABILIT\u00c9<\/strong><\/p>\n<p>RESPONSABLE d\u00e9cline toute responsabilit\u00e9 quant aux informations publi\u00e9es sur son site Web d\u00e8s lors que ces informations ont \u00e9t\u00e9 manipul\u00e9es ou introduites par un tiers \u00e9tranger \u00e0 celui-ci.<\/p>\n<p><strong>Politique en mati\u00e8re de liens<\/strong><\/p>\n<p>Depuis le site Web, vous pouvez \u00eatre redirig\u00e9 vers des contenus provenant de sites Web tiers. \u00c9tant donn\u00e9 que le RESPONSABLE ne peut pas toujours contr\u00f4ler les contenus introduits par des tiers sur leurs sites Web respectifs, il n&rsquo;assume aucune responsabilit\u00e9 quant \u00e0 ces contenus. Dans tous les cas, il proc\u00e9dera au retrait imm\u00e9diat de tout contenu susceptible de contrevenir \u00e0 la l\u00e9gislation nationale ou internationale, \u00e0 la morale ou \u00e0 l&rsquo;ordre public, en supprimant imm\u00e9diatement la redirection vers ce site web et en informant les autorit\u00e9s comp\u00e9tentes du contenu en question.  <\/p>\n<p>Le RESPONSABLE n&rsquo;est pas responsable des informations et contenus stock\u00e9s, \u00e0 titre indicatif mais non limitatif, dans les forums, chats, g\u00e9n\u00e9rateurs de blogs, commentaires, r\u00e9seaux sociaux ou tout autre moyen permettant \u00e0 des tiers de publier des contenus de mani\u00e8re ind\u00e9pendante sur le site Web du RESPONSABLE. Toutefois, et conform\u00e9ment aux dispositions des articles 11 et 16 de la LSSICE, il se met \u00e0 la disposition de tous les utilisateurs, autorit\u00e9s et forces de s\u00e9curit\u00e9, en collaborant activement au retrait ou, le cas \u00e9ch\u00e9ant, au blocage de tous les contenus qui pourraient affecter ou enfreindre la l\u00e9gislation nationale ou internationale, les droits de tiers ou la morale et l&rsquo;ordre public. Si l&rsquo;utilisateur estime qu&rsquo;il existe sur le site web un contenu susceptible d&rsquo;\u00eatre class\u00e9 comme tel, il est pri\u00e9 d&rsquo;en informer imm\u00e9diatement l&rsquo;administrateur du site web.  <\/p>\n<p>Ce site Web a \u00e9t\u00e9 r\u00e9vis\u00e9 et test\u00e9 afin de garantir son bon fonctionnement. En principe, son bon fonctionnement peut \u00eatre garanti 365 jours par an, 24 heures sur 24. Cependant, le RESPONSABLE n&rsquo;exclut pas la possibilit\u00e9 de certaines erreurs de programmation, ou la survenance de cas de force majeure, de catastrophes naturelles, de gr\u00e8ves ou de circonstances similaires rendant impossible l&rsquo;acc\u00e8s au site Web.  <\/p>\n<p><strong>Adresses IP<\/strong><\/p>\n<p>Les serveurs du site Web peuvent d\u00e9tecter automatiquement l&rsquo;adresse IP et le nom de domaine utilis\u00e9s par l&rsquo;utilisateur. Une adresse IP est un num\u00e9ro attribu\u00e9 automatiquement \u00e0 un ordinateur lorsqu&rsquo;il se connecte \u00e0 Internet. Toutes ces informations sont enregistr\u00e9es dans un fichier d&rsquo;activit\u00e9 du serveur d\u00fbment enregistr\u00e9 qui permet le traitement ult\u00e9rieur des donn\u00e9es afin d&rsquo;obtenir des mesures purement statistiques permettant de conna\u00eetre le nombre d&rsquo;impressions de pages, le nombre de visites effectu\u00e9es sur les serveurs Web, l&rsquo;ordre des visites, le point d&rsquo;acc\u00e8s, etc.  <\/p>\n<p><strong>4 &#8211; LOI APPLICABLE ET JURIDICTION<\/strong><\/p>\n<p>Pour la r\u00e9solution de tous les litiges ou questions li\u00e9s au pr\u00e9sent site Web ou aux activit\u00e9s qui y sont d\u00e9velopp\u00e9es, la l\u00e9gislation espagnole sera applicable, \u00e0 laquelle les parties se soumettent express\u00e9ment, les tribunaux les plus proches de POL BANKUNION II \u00e9tant comp\u00e9tents pour la r\u00e9solution de tous les conflits d\u00e9riv\u00e9s ou li\u00e9s \u00e0 son utilisation.<\/p>\n<p>[\/et_pb_text][\/et_pb_column][\/et_pb_row][\/et_pb_section]<\/p>\n","protected":false},"excerpt":{"rendered":"<p>Mentions l\u00e9gales LOI SUR LES SERVICES DE LA SOCI\u00c9T\u00c9 DE L&rsquo;INFORMATION FELEMAMG, S.L., responsable du site web, ci-apr\u00e8s d\u00e9nomm\u00e9 le RESPONSABLE, met ce document \u00e0 la disposition des utilisateurs, avec lequel il entend se conformer aux obligations pr\u00e9vues par la loi 34\/2002 du 11 juillet relative aux services de la soci\u00e9t\u00e9 de l&rsquo;information et au [&hellip;]<\/p>\n","protected":false},"author":1,"featured_media":0,"parent":0,"menu_order":0,"comment_status":"closed","ping_status":"closed","template":"","meta":{"_et_pb_use_builder":"on","_et_pb_old_content":"","_et_gb_content_width":"","inline_featured_image":false,"footnotes":""},"class_list":["post-327635","page","type-page","status-publish","hentry"],"_links":{"self":[{"href":"https:\/\/www.felemamg.com\/fr\/wp-json\/wp\/v2\/pages\/327635","targetHints":{"allow":["GET"]}}],"collection":[{"href":"https:\/\/www.felemamg.com\/fr\/wp-json\/wp\/v2\/pages"}],"about":[{"href":"https:\/\/www.felemamg.com\/fr\/wp-json\/wp\/v2\/types\/page"}],"author":[{"embeddable":true,"href":"https:\/\/www.felemamg.com\/fr\/wp-json\/wp\/v2\/users\/1"}],"replies":[{"embeddable":true,"href":"https:\/\/www.felemamg.com\/fr\/wp-json\/wp\/v2\/comments?post=327635"}],"version-history":[{"count":0,"href":"https:\/\/www.felemamg.com\/fr\/wp-json\/wp\/v2\/pages\/327635\/revisions"}],"wp:attachment":[{"href":"https:\/\/www.felemamg.com\/fr\/wp-json\/wp\/v2\/media?parent=327635"}],"curies":[{"name":"wp","href":"https:\/\/api.w.org\/{rel}","templated":true}]}}